{"id":20873,"date":"2018-02-05T12:11:03","date_gmt":"2018-02-05T12:11:03","guid":{"rendered":"https:\/\/www.clubvillamar.nl\/blog\/?page_id=20873"},"modified":"2023-02-17T12:35:45","modified_gmt":"2023-02-17T12:35:45","slug":"25-redenen-om-spanje-te-bezoeken","status":"publish","type":"page","link":"https:\/\/www.clubvillamar.nl\/blog\/25-redenen-om-spanje-te-bezoeken\/","title":{"rendered":"25 Redenen Om Spanje Te Bezoeken"},"content":{"rendered":"<figure id=\"attachment_20874\" aria-describedby=\"caption-attachment-20874\" style=\"width: 5760px\" class=\"wp-caption aligncenter\"><img loading=\"lazy\" decoding=\"async\" class=\"wp-image-20874 size-full lazyload\" data-src=\"https:\/\/www.clubvillamar.nl\/blog\/wp-content\/uploads\/2018\/02\/tossa-275-h-2.jpg\" alt=\"\" width=\"5760\" height=\"3840\" data-srcset=\"https:\/\/www.clubvillamar.nl\/blog\/wp-content\/uploads\/2018\/02\/tossa-275-h-2.jpg 5760w, https:\/\/www.clubvillamar.nl\/blog\/wp-content\/uploads\/2018\/02\/tossa-275-h-2-300x200.jpg 300w, https:\/\/www.clubvillamar.nl\/blog\/wp-content\/uploads\/2018\/02\/tossa-275-h-2-768x512.jpg 768w, https:\/\/www.clubvillamar.nl\/blog\/wp-content\/uploads\/2018\/02\/tossa-275-h-2-1024x683.jpg 1024w\" data-sizes=\"(max-width: 5760px) 100vw, 5760px\" src=\"data:image\/gif;base64,R0lGODlhAQABAAAAACH5BAEKAAEALAAAAAABAAEAAAICTAEAOw==\" style=\"--smush-placeholder-width: 5760px; --smush-placeholder-aspect-ratio: 5760\/3840;\" \/><noscript><img loading=\"lazy\" decoding=\"async\" class=\"wp-image-20874 size-full\" src=\"https:\/\/www.clubvillamar.nl\/blog\/wp-content\/uploads\/2018\/02\/tossa-275-h-2.jpg\" alt=\"\" width=\"5760\" height=\"3840\" srcset=\"https:\/\/www.clubvillamar.nl\/blog\/wp-content\/uploads\/2018\/02\/tossa-275-h-2.jpg 5760w, https:\/\/www.clubvillamar.nl\/blog\/wp-content\/uploads\/2018\/02\/tossa-275-h-2-300x200.jpg 300w, https:\/\/www.clubvillamar.nl\/blog\/wp-content\/uploads\/2018\/02\/tossa-275-h-2-768x512.jpg 768w, https:\/\/www.clubvillamar.nl\/blog\/wp-content\/uploads\/2018\/02\/tossa-275-h-2-1024x683.jpg 1024w\" sizes=\"(max-width: 5760px) 100vw, 5760px\" \/><\/noscript><figcaption id=\"caption-attachment-20874\" class=\"wp-caption-text\">Majestueuze bergen en gouden stranden die uitkomen in sprankelende zee\u00ebn.<\/figcaption><\/figure>\n<p>Een rijke geschiedenis en een sociale cultuur.<\/p>\n<p>Eten\u2026<\/p>\n<p>Moeten we nog meer zeggen?<\/p>\n<p>Van de drukte en bedrijvigheid van het altijd enerverende Barcelona tot aan de rust en kalmte van ontspannend Menorca, Spanje heeft letterlijk een beetje van alles. Het is \u00e9\u00e9n van de meest diverse en mooie landen ter wereld, dus het zal dan ook geen verrassing zijn dat het ook \u00e9\u00e9n van de meest bezochte landen is. Vergezel ons op deze reis door Spanje met 25 redenen waardoor jij vanavond nog je koffers zult inpakken!<\/p>\n<ol>\n<li>De Spaanse keuken is \u00e9\u00e9n van de beste ter wereld met langdurige culinaire tradities en wereldberoemde gerechten zoals paella, tapas, tortilla de patatas, gazpacho\u2026 loopt het water je al in de mond?<\/li>\n<li>Zo niet, denk dan hier aan: er zijn zo veel verschillende soorten jam\u00f3n dat je er waarschijnlijk jarenlang kunt wonen en nog niet genoeg tijd hebt om ze allemaal te kunnen proeven.<\/li>\n<li>Daarnaast is Spanje \u00e9\u00e9n van de grootste wijnproducenten ter wereld, dus je hoeft niet verlegen te zijn om nog een glaasje in te schenken nadat je je maaltijd al op hebt!<\/li>\n<li>Je vindt hier ook een breed aanbod aan koffie, dus er is meer dan genoeg cafe\u00efne om je op gang te houden!<\/li>\n<li>Spanje heeft bijna 300 zonnige dagen per jaar. Dat is een hele hoop strandtijd!<\/li>\n<li>Over stranden gesproken\u2026 daar is ook zeker geen tekort aan. Van drukke gouden stranden tot aan afgelegen rotsachtige kusten, er is een strand voor iedereen, zelfs naturisten!<\/li>\n<\/ol>\n<p><span class=\"embed-youtube\" style=\"text-align:center; display: block;\"><iframe loading=\"lazy\" class=\"youtube-player lazyload\" width=\"840\" height=\"473\" data-src=\"https:\/\/www.youtube.com\/embed\/cp2a4VMp69k?version=3&#038;rel=1&#038;showsearch=0&#038;showinfo=1&#038;iv_load_policy=1&#038;fs=1&#038;hl=nl-NL&#038;autohide=2&#038;wmode=transparent\" allowfullscreen=\"true\" style=\"border:0;\" sandbox=\"allow-scripts allow-same-origin allow-popups allow-presentation\" src=\"data:image\/gif;base64,R0lGODlhAQABAAAAACH5BAEKAAEALAAAAAABAAEAAAICTAEAOw==\" data-load-mode=\"1\"><\/iframe><\/span><\/p>\n<ol start=\"7\">\n<li>En als je op zoek bent naar werkelijk adembenemende stranden, ben je z\u00f3 op de Canarische eilanden waar je verbazingwekkende vulkanische landschappen zult vinden en daarnaast ook nog kunt duiken en windsurfen.<\/li>\n<li>Maar met meer dan 8000 kilometer aan kustlijn, zul je je op een gegeven moment ook een keer moeten wagen aan de geweldige zeilsport die Spanje te bieden heeft \u2013 het is een nationale sport!<\/li>\n<li>Van Madrid tot aan Ibiza is er geen tekort aan het nachtleven. Iedere avond kun je hier de nacht weg dansen, of proberen om deze weg te dansen!<\/li>\n<li>Maar als je op zoek bent naar net iets anders, bezoek dan Cadiz, de oudste stad in West-Europa met meer dan 3100 jaar aan geschiedenis en klaar om door jou ontdekt te worden.<\/li>\n<li>Je kunt ook de sensuele Spaanse kunst ervaren, welke tijdperken overstijgt met werkelijk opmerkelijke meesterwerken.<\/li>\n<li>Picasso, Dali, Miro en Velasquez zijn maar een paar van de kunstenaars wiens werken je in een aantal van werelds beste kunstcollecties terug zult vinden.<\/li>\n<li>Kunstcollecties die zich bevinden in meer dan 1400 musea en alles tentoonstellen van kunst tot aan sex en chocola.<\/li>\n<li>Spanje is bovendien de locatie van het Guggenheim, \u00e9\u00e9n van de beste gallerijen ter wereld met een mengeling van kunstcollecties en speciale exhibities.<\/li>\n<li>En als je kunst echt kunt waarderen, dan zul je zeker verliefd worden op de Renaissance en Moorse architectuur van de Mezquita de C\u00f3rdoba (de Grote Moskee van C\u00f3rdoba).<\/li>\n<\/ol>\n<p><img loading=\"lazy\" decoding=\"async\" class=\"aligncenter size-full wp-image-20875 lazyload\" data-src=\"https:\/\/www.clubvillamar.nl\/blog\/wp-content\/uploads\/2018\/02\/Tossa-287-H.jpg\" alt=\"\" width=\"5500\" height=\"3671\" data-srcset=\"https:\/\/www.clubvillamar.nl\/blog\/wp-content\/uploads\/2018\/02\/Tossa-287-H.jpg 5500w, https:\/\/www.clubvillamar.nl\/blog\/wp-content\/uploads\/2018\/02\/Tossa-287-H-300x200.jpg 300w, https:\/\/www.clubvillamar.nl\/blog\/wp-content\/uploads\/2018\/02\/Tossa-287-H-768x513.jpg 768w, https:\/\/www.clubvillamar.nl\/blog\/wp-content\/uploads\/2018\/02\/Tossa-287-H-1024x683.jpg 1024w\" data-sizes=\"(max-width: 5500px) 100vw, 5500px\" src=\"data:image\/gif;base64,R0lGODlhAQABAAAAACH5BAEKAAEALAAAAAABAAEAAAICTAEAOw==\" style=\"--smush-placeholder-width: 5500px; --smush-placeholder-aspect-ratio: 5500\/3671;\" \/><noscript><img loading=\"lazy\" decoding=\"async\" class=\"aligncenter size-full wp-image-20875\" src=\"https:\/\/www.clubvillamar.nl\/blog\/wp-content\/uploads\/2018\/02\/Tossa-287-H.jpg\" alt=\"\" width=\"5500\" height=\"3671\" srcset=\"https:\/\/www.clubvillamar.nl\/blog\/wp-content\/uploads\/2018\/02\/Tossa-287-H.jpg 5500w, https:\/\/www.clubvillamar.nl\/blog\/wp-content\/uploads\/2018\/02\/Tossa-287-H-300x200.jpg 300w, https:\/\/www.clubvillamar.nl\/blog\/wp-content\/uploads\/2018\/02\/Tossa-287-H-768x513.jpg 768w, https:\/\/www.clubvillamar.nl\/blog\/wp-content\/uploads\/2018\/02\/Tossa-287-H-1024x683.jpg 1024w\" sizes=\"(max-width: 5500px) 100vw, 5500px\" \/><\/noscript><\/p>\n<ol start=\"16\">\n<li>Een combinatie van architectuur, nachtleven en strand vind je in Valencia, \u00e9\u00e9n van Spanje\u2019s meest populaire steden.<\/li>\n<li>Of ontdek de cultuur van de Spaanse hoofdstad Madrid, waar je genoeg eten, bezienswaardigheden, kunst en nachtleven zult vinden om er meer dan een veelbewogen reis van te maken!<\/li>\n<li>En als je je extra avontuurlijk voelt, pak dan goed uit in het uitbundige Ibiza, de Party hoofdstad van de wereld!<\/li>\n<li>Maar ook als je wat rustiger bent is er voor jou genoeg te doen in Spanje. Er zijn 14 Nationale Parken met vele indrukwekkende landschappen om te ontdekken en prachtige foto\u2019s van te maken.<\/li>\n<li>Ook zijn er genoeg unieke plekken te vinden, zoals Juzcar, het enige offici\u00eble Smurfendorp ter wereld!<\/li>\n<li>En Castell de Santa Florentina in Canet de Mar, Cataloni, waar een deel van Game of Thrones is opgenomen. Vertel ze gewoon niet van welk huis je bent en alles zal goed komen!<\/li>\n<li>Als je van uniek houdt, zijn er in Spanje een hoop festivals om van te genieten, vari\u00ebrend van het tomatengevecht (Tomatina) tot aan het stierenrennen en El Colacho, wat we zelf ook nog steeds proberen te begrijpen.<\/li>\n<li>Je zult je meteen thuis voelen bij de Spanjaarden, de meeste warme en gastvrije mensen die je ooit zult ontmoeten.<\/li>\n<li>Hun vriendelijke cultuur heeft wellicht een hoop te maken met hun ontspannen Spaanse levensstijl.<\/li>\n<li>Veel Spanjaarden beoefenen nog altijd de kunst van de siesta; neem dus je favoriete kussen mee want je zult hier een HELEBOEL dutjes houden (en je zult ze nodig hebben)!<\/li>\n<\/ol>\n<p>Of je nou aan het herstellen bent van de vorige avond of je aan het voorbereiden bent voor wat nog komen gaat, en onafhankelijk van waar je je dagen en nachten zult doorbrengen&#8230;je zult altijd een plek hebben, om je ver weg van huis, toch thuis te voelen in \u00e9\u00e9n van Spanje\u2019s prachtige villa\u2019s! Een <a href=\"https:\/\/www.clubvillamar.nl\/\">huis huren in Spanje<\/a> kan eenvoudig en goed bij Club Villamar.<\/p>\n<!-- AddThis Advanced Settings generic via filter on the_content --><!-- AddThis Share Buttons generic via filter on the_content -->","protected":false},"excerpt":{"rendered":"<p>Een rijke geschiedenis en een sociale cultuur. Eten\u2026 Moeten we nog meer zeggen? Van de drukte en bedrijvigheid van het [&hellip;]<!-- AddThis Advanced Settings generic via filter on get_the_excerpt --><!-- AddThis Share Buttons generic via filter on get_the_excerpt --><\/p>\n","protected":false},"author":3,"featured_media":20874,"parent":0,"menu_order":0,"comment_status":"closed","ping_status":"closed","template":"","meta":{"om_disable_all_campaigns":false,"inline_featured_image":false,"_monsterinsights_skip_tracking":false,"_monsterinsights_sitenote_active":false,"_monsterinsights_sitenote_note":"","_monsterinsights_sitenote_category":0,"spay_email":"","footnotes":""},"yoast_head":"<!-- This site is optimized with the Yoast SEO plugin v21.9.1 - https:\/\/yoast.com\/wordpress\/plugins\/seo\/ -->\n<title>25 Redenen Om Spanje Te Bezoeken - Club Villamar<\/title>\n<meta name=\"robots\" content=\"index, follow, max-snippet:-1, max-image-preview:large, max-video-preview:-1\" \/>\n<link rel=\"canonical\" href=\"https:\/\/www.clubvillamar.nl\/blog\/wp-json\/wp\/v2\/pages\/20873\" \/>\n<meta property=\"og:locale\" content=\"nl_NL\" \/>\n<meta property=\"og:type\" content=\"article\" \/>\n<meta property=\"og:title\" content=\"25 Redenen Om Spanje Te Bezoeken - Club Villamar\" \/>\n<meta property=\"og:description\" content=\"Een rijke geschiedenis en een sociale cultuur. Eten\u2026 Moeten we nog meer zeggen? Van de drukte en bedrijvigheid van het [&hellip;]\" \/>\n<meta property=\"og:url\" content=\"https:\/\/www.clubvillamar.nl\/blog\/25-redenen-om-spanje-te-bezoeken\/\" \/>\n<meta property=\"og:site_name\" content=\"Club Villamar\" \/>\n<meta property=\"article:modified_time\" content=\"2023-02-17T12:35:45+00:00\" \/>\n<meta property=\"og:image\" content=\"https:\/\/www.clubvillamar.nl\/blog\/wp-content\/uploads\/2018\/02\/tossa-275-h-2-1024x683.jpg\" \/>\n\t<meta property=\"og:image:width\" content=\"1024\" \/>\n\t<meta property=\"og:image:height\" content=\"683\" \/>\n\t<meta property=\"og:image:type\" content=\"image\/jpeg\" \/>\n<meta name=\"twitter:card\" content=\"summary_large_image\" \/>\n<meta name=\"twitter:label1\" content=\"Geschatte leestijd\" \/>\n\t<meta name=\"twitter:data1\" content=\"4 minuten\" \/>\n<script type=\"application\/ld+json\" class=\"yoast-schema-graph\">{\"@context\":\"https:\/\/schema.org\",\"@graph\":[{\"@type\":\"WebPage\",\"@id\":\"https:\/\/www.clubvillamar.nl\/blog\/25-redenen-om-spanje-te-bezoeken\/\",\"url\":\"https:\/\/www.clubvillamar.nl\/blog\/25-redenen-om-spanje-te-bezoeken\/\",\"name\":\"25 Redenen Om Spanje Te Bezoeken - Club Villamar\",\"isPartOf\":{\"@id\":\"https:\/\/www.clubvillamar.nl\/blog\/#website\"},\"datePublished\":\"2018-02-05T12:11:03+00:00\",\"dateModified\":\"2023-02-17T12:35:45+00:00\",\"breadcrumb\":{\"@id\":\"https:\/\/www.clubvillamar.nl\/blog\/25-redenen-om-spanje-te-bezoeken\/#breadcrumb\"},\"inLanguage\":\"nl-NL\",\"potentialAction\":[{\"@type\":\"ReadAction\",\"target\":[\"https:\/\/www.clubvillamar.nl\/blog\/25-redenen-om-spanje-te-bezoeken\/\"]}]},{\"@type\":\"BreadcrumbList\",\"@id\":\"https:\/\/www.clubvillamar.nl\/blog\/25-redenen-om-spanje-te-bezoeken\/#breadcrumb\",\"itemListElement\":[{\"@type\":\"ListItem\",\"position\":1,\"name\":\"Home\",\"item\":\"https:\/\/www.clubvillamar.nl\/blog\/\"},{\"@type\":\"ListItem\",\"position\":2,\"name\":\"25 Redenen Om Spanje Te Bezoeken\"}]},{\"@type\":\"WebSite\",\"@id\":\"https:\/\/www.clubvillamar.nl\/blog\/#website\",\"url\":\"https:\/\/www.clubvillamar.nl\/blog\/\",\"name\":\"Club Villamar\",\"description\":\"Relax poolside at your private Spanish villa\",\"publisher\":{\"@id\":\"https:\/\/www.clubvillamar.nl\/blog\/#organization\"},\"potentialAction\":[{\"@type\":\"SearchAction\",\"target\":{\"@type\":\"EntryPoint\",\"urlTemplate\":\"https:\/\/www.clubvillamar.nl\/blog\/?s={search_term_string}\"},\"query-input\":\"required name=search_term_string\"}],\"inLanguage\":\"nl-NL\"},{\"@type\":\"Organization\",\"@id\":\"https:\/\/www.clubvillamar.nl\/blog\/#organization\",\"name\":\"Club Villamar\",\"url\":\"https:\/\/www.clubvillamar.nl\/blog\/\",\"logo\":{\"@type\":\"ImageObject\",\"inLanguage\":\"nl-NL\",\"@id\":\"https:\/\/www.clubvillamar.nl\/blog\/#\/schema\/logo\/image\/\",\"url\":\"https:\/\/www.clubvillamar.nl\/blog\/wp-content\/uploads\/2018\/02\/Club-VillamaR.jpg\",\"contentUrl\":\"https:\/\/www.clubvillamar.nl\/blog\/wp-content\/uploads\/2018\/02\/Club-VillamaR.jpg\",\"width\":1024,\"height\":768,\"caption\":\"Club Villamar\"},\"image\":{\"@id\":\"https:\/\/www.clubvillamar.nl\/blog\/#\/schema\/logo\/image\/\"}}]}<\/script>\n<!-- \/ Yoast SEO plugin. -->","yoast_head_json":{"title":"25 Redenen Om Spanje Te Bezoeken - Club Villamar","robots":{"index":"index","follow":"follow","max-snippet":"max-snippet:-1","max-image-preview":"max-image-preview:large","max-video-preview":"max-video-preview:-1"},"canonical":"https:\/\/www.clubvillamar.nl\/blog\/wp-json\/wp\/v2\/pages\/20873","og_locale":"nl_NL","og_type":"article","og_title":"25 Redenen Om Spanje Te Bezoeken - Club Villamar","og_description":"Een rijke geschiedenis en een sociale cultuur. Eten\u2026 Moeten we nog meer zeggen? Van de drukte en bedrijvigheid van het [&hellip;]","og_url":"https:\/\/www.clubvillamar.nl\/blog\/25-redenen-om-spanje-te-bezoeken\/","og_site_name":"Club Villamar","article_modified_time":"2023-02-17T12:35:45+00:00","og_image":[{"width":1024,"height":683,"url":"https:\/\/www.clubvillamar.nl\/blog\/wp-content\/uploads\/2018\/02\/tossa-275-h-2-1024x683.jpg","type":"image\/jpeg"}],"twitter_card":"summary_large_image","twitter_misc":{"Geschatte leestijd":"4 minuten"},"schema":{"@context":"https:\/\/schema.org","@graph":[{"@type":"WebPage","@id":"https:\/\/www.clubvillamar.nl\/blog\/25-redenen-om-spanje-te-bezoeken\/","url":"https:\/\/www.clubvillamar.nl\/blog\/25-redenen-om-spanje-te-bezoeken\/","name":"25 Redenen Om Spanje Te Bezoeken - Club Villamar","isPartOf":{"@id":"https:\/\/www.clubvillamar.nl\/blog\/#website"},"datePublished":"2018-02-05T12:11:03+00:00","dateModified":"2023-02-17T12:35:45+00:00","breadcrumb":{"@id":"https:\/\/www.clubvillamar.nl\/blog\/25-redenen-om-spanje-te-bezoeken\/#breadcrumb"},"inLanguage":"nl-NL","potentialAction":[{"@type":"ReadAction","target":["https:\/\/www.clubvillamar.nl\/blog\/25-redenen-om-spanje-te-bezoeken\/"]}]},{"@type":"BreadcrumbList","@id":"https:\/\/www.clubvillamar.nl\/blog\/25-redenen-om-spanje-te-bezoeken\/#breadcrumb","itemListElement":[{"@type":"ListItem","position":1,"name":"Home","item":"https:\/\/www.clubvillamar.nl\/blog\/"},{"@type":"ListItem","position":2,"name":"25 Redenen Om Spanje Te Bezoeken"}]},{"@type":"WebSite","@id":"https:\/\/www.clubvillamar.nl\/blog\/#website","url":"https:\/\/www.clubvillamar.nl\/blog\/","name":"Club Villamar","description":"Relax poolside at your private Spanish villa","publisher":{"@id":"https:\/\/www.clubvillamar.nl\/blog\/#organization"},"potentialAction":[{"@type":"SearchAction","target":{"@type":"EntryPoint","urlTemplate":"https:\/\/www.clubvillamar.nl\/blog\/?s={search_term_string}"},"query-input":"required name=search_term_string"}],"inLanguage":"nl-NL"},{"@type":"Organization","@id":"https:\/\/www.clubvillamar.nl\/blog\/#organization","name":"Club Villamar","url":"https:\/\/www.clubvillamar.nl\/blog\/","logo":{"@type":"ImageObject","inLanguage":"nl-NL","@id":"https:\/\/www.clubvillamar.nl\/blog\/#\/schema\/logo\/image\/","url":"https:\/\/www.clubvillamar.nl\/blog\/wp-content\/uploads\/2018\/02\/Club-VillamaR.jpg","contentUrl":"https:\/\/www.clubvillamar.nl\/blog\/wp-content\/uploads\/2018\/02\/Club-VillamaR.jpg","width":1024,"height":768,"caption":"Club Villamar"},"image":{"@id":"https:\/\/www.clubvillamar.nl\/blog\/#\/schema\/logo\/image\/"}}]}},"jetpack_shortlink":"https:\/\/wp.me\/P9Dapx-5qF","_links":{"self":[{"href":"https:\/\/www.clubvillamar.nl\/blog\/wp-json\/wp\/v2\/pages\/20873"}],"collection":[{"href":"https:\/\/www.clubvillamar.nl\/blog\/wp-json\/wp\/v2\/pages"}],"about":[{"href":"https:\/\/www.clubvillamar.nl\/blog\/wp-json\/wp\/v2\/types\/page"}],"author":[{"embeddable":true,"href":"https:\/\/www.clubvillamar.nl\/blog\/wp-json\/wp\/v2\/users\/3"}],"replies":[{"embeddable":true,"href":"https:\/\/www.clubvillamar.nl\/blog\/wp-json\/wp\/v2\/comments?post=20873"}],"version-history":[{"count":3,"href":"https:\/\/www.clubvillamar.nl\/blog\/wp-json\/wp\/v2\/pages\/20873\/revisions"}],"predecessor-version":[{"id":28918,"href":"https:\/\/www.clubvillamar.nl\/blog\/wp-json\/wp\/v2\/pages\/20873\/revisions\/28918"}],"wp:featuredmedia":[{"embeddable":true,"href":"https:\/\/www.clubvillamar.nl\/blog\/wp-json\/wp\/v2\/media\/20874"}],"wp:attachment":[{"href":"https:\/\/www.clubvillamar.nl\/blog\/wp-json\/wp\/v2\/media?parent=20873"}],"curies":[{"name":"wp","href":"https:\/\/api.w.org\/{rel}","templated":true}]}}